{"id":2019,"date":"2025-11-18T17:08:28","date_gmt":"2025-11-18T17:08:28","guid":{"rendered":"https:\/\/magdalenalobisch.de\/?page_id=2019"},"modified":"2025-11-18T17:35:58","modified_gmt":"2025-11-18T17:35:58","slug":"veranstaltung-gespraechskreis-in-inning-am-ammersee","status":"publish","type":"page","link":"https:\/\/magdalenalobisch.de\/en\/veranstaltung-gespraechskreis-in-inning-am-ammersee\/","title":{"rendered":"Veranstaltung - Gespr\u00e4chskreis in Inning am Ammersee."},"content":{"rendered":"\t\t<div data-elementor-type=\"wp-post\" data-elementor-id=\"2019\" class=\"elementor elementor-2019\" data-elementor-post-type=\"page\">\n\t\t\t\t<div class=\"elementor-element elementor-element-c1bce20 e-con-full e-flex e-con e-parent\" data-id=\"c1bce20\" data-element_type=\"container\" data-e-type=\"container\" data-settings=\"{&quot;background_background&quot;:&quot;classic&quot;}\">\n\t\t<div class=\"elementor-element elementor-element-6da41d8 e-con-full e-flex e-con e-child\" data-id=\"6da41d8\" data-element_type=\"container\" data-e-type=\"container\">\n\t\t<div class=\"elementor-element elementor-element-f38b0a0 e-con-full e-flex e-con e-child\" data-id=\"f38b0a0\" data-element_type=\"container\" data-e-type=\"container\">\n\t\t\t\t<div class=\"elementor-element elementor-element-4337e7e elementor-widget elementor-widget-heading\" data-id=\"4337e7e\" data-element_type=\"widget\" data-e-type=\"widget\" data-widget_type=\"heading.default\">\n\t\t\t\t<div class=\"elementor-widget-container\">\n\t\t\t\t\t<h1 class=\"elementor-heading-title elementor-size-default\">Gespr\u00e4chskreis<\/h1>\t\t\t\t<\/div>\n\t\t\t\t<\/div>\n\t\t\t\t<\/div>\n\t\t\t\t<\/div>\n\t\t\t\t<\/div>\n\t\t<div class=\"elementor-element elementor-element-855418e e-flex e-con-boxed e-con e-parent\" data-id=\"855418e\" data-element_type=\"container\" data-e-type=\"container\" data-settings=\"{&quot;background_background&quot;:&quot;classic&quot;}\">\n\t\t\t\t\t<div class=\"e-con-inner\">\n\t\t<div class=\"elementor-element elementor-element-cdbe448 e-con-full e-flex e-con e-child\" data-id=\"cdbe448\" data-element_type=\"container\" data-e-type=\"container\" data-settings=\"{&quot;background_background&quot;:&quot;classic&quot;}\">\n\t\t<div class=\"elementor-element elementor-element-99d5bbc e-con-full e-flex e-con e-child\" data-id=\"99d5bbc\" data-element_type=\"container\" data-e-type=\"container\">\n\t\t\t\t<div class=\"elementor-element elementor-element-9659298 elementor-widget elementor-widget-heading\" data-id=\"9659298\" data-element_type=\"widget\" data-e-type=\"widget\" data-widget_type=\"heading.default\">\n\t\t\t\t<div class=\"elementor-widget-container\">\n\t\t\t\t\t<h2 class=\"elementor-heading-title elementor-size-default\">Inning am Ammersee<\/h2>\t\t\t\t<\/div>\n\t\t\t\t<\/div>\n\t\t\t\t<div class=\"elementor-element elementor-element-ec61772 elementor-hidden-desktop elementor-hidden-tablet elementor-hidden-mobile elementor-widget elementor-widget-button\" data-id=\"ec61772\" data-element_type=\"widget\" data-e-type=\"widget\" data-widget_type=\"button.default\">\n\t\t\t\t<div class=\"elementor-widget-container\">\n\t\t\t\t\t\t\t\t\t<div class=\"elementor-button-wrapper\">\n\t\t\t\t\t<a class=\"elementor-button elementor-button-link elementor-size-sm\" href=\"#Anmeldung\">\n\t\t\t\t\t\t<span class=\"elementor-button-content-wrapper\">\n\t\t\t\t\t\t\t\t\t<span class=\"elementor-button-text\">Zur Anmelde Anfrage<\/span>\n\t\t\t\t\t<\/span>\n\t\t\t\t\t<\/a>\n\t\t\t\t<\/div>\n\t\t\t\t\t\t\t\t<\/div>\n\t\t\t\t<\/div>\n\t\t\t\t<div class=\"elementor-element elementor-element-4f78e88 elementor-widget elementor-widget-text-editor\" data-id=\"4f78e88\" data-element_type=\"widget\" data-e-type=\"widget\" data-widget_type=\"text-editor.default\">\n\t\t\t\t<div class=\"elementor-widget-container\">\n\t\t\t\t\t\t\t\t\t<p>Es handelt sich um einen begleiteten Gespr\u00e4chskreis f\u00fcr Betroffene und Angeh\u00f6rige von Betroffenen von Post Covid, Post Vac und ME\/CFS.<\/p><p><strong> Nachbarschaftshilfe Inning e.V.<\/strong><br \/>Enzenhofer Strasse 9 <br \/>82266 Inning am Ammersee<\/p>\t\t\t\t\t\t\t\t<\/div>\n\t\t\t\t<\/div>\n\t\t\t\t<div class=\"elementor-element elementor-element-3a2984d elementor-widget-mobile__width-inherit elementor-hidden-tablet elementor-hidden-mobile elementor-widget elementor-widget-text-editor\" data-id=\"3a2984d\" data-element_type=\"widget\" data-e-type=\"widget\" data-widget_type=\"text-editor.default\">\n\t\t\t\t<div class=\"elementor-widget-container\">\n\t\t\t\t\t\t\t\t\t<p><strong>Die Veranstaltung ist f\u00fcr die Teilnehmer kostenfrei<\/strong><\/p><div>\u00a0<\/div><div><strong>Anmeldung:<\/strong><\/div><p>Email an: <strong>coaching@magdalenalobisch.de<\/strong><\/p><p>oder \u00fcber das Kontakt Formular<\/p>\t\t\t\t\t\t\t\t<\/div>\n\t\t\t\t<\/div>\n\t\t\t\t<div class=\"elementor-element elementor-element-3a5e218 elementor-widget elementor-widget-button\" data-id=\"3a5e218\" data-element_type=\"widget\" data-e-type=\"widget\" data-widget_type=\"button.default\">\n\t\t\t\t<div class=\"elementor-widget-container\">\n\t\t\t\t\t\t\t\t\t<div class=\"elementor-button-wrapper\">\n\t\t\t\t\t<a class=\"elementor-button elementor-button-link elementor-size-sm\" href=\"mailto:coaching@magdalenalobisch.de\">\n\t\t\t\t\t\t<span class=\"elementor-button-content-wrapper\">\n\t\t\t\t\t\t\t\t\t<span class=\"elementor-button-text\">Jetzt Anmelden<\/span>\n\t\t\t\t\t<\/span>\n\t\t\t\t\t<\/a>\n\t\t\t\t<\/div>\n\t\t\t\t\t\t\t\t<\/div>\n\t\t\t\t<\/div>\n\t\t\t\t<\/div>\n\t\t<div class=\"elementor-element elementor-element-be2310c e-con-full e-flex e-con e-child\" data-id=\"be2310c\" data-element_type=\"container\" data-e-type=\"container\">\n\t\t\t\t<div class=\"elementor-element elementor-element-1b2ed1d elementor-hidden-tablet elementor-hidden-mobile elementor-widget elementor-widget-image\" data-id=\"1b2ed1d\" data-element_type=\"widget\" data-e-type=\"widget\" data-widget_type=\"image.default\">\n\t\t\t\t<div class=\"elementor-widget-container\">\n\t\t\t\t\t\t\t\t\t\t\t\t\t\t\t<img fetchpriority=\"high\" decoding=\"async\" width=\"800\" height=\"450\" src=\"https:\/\/magdalenalobisch.de\/wp-content\/uploads\/2024\/12\/XT4F9458-1024x576.jpg\" class=\"attachment-large size-large wp-image-49\" alt=\"\" srcset=\"https:\/\/magdalenalobisch.de\/wp-content\/uploads\/2024\/12\/XT4F9458-1024x576.jpg 1024w, https:\/\/magdalenalobisch.de\/wp-content\/uploads\/2024\/12\/XT4F9458-300x169.jpg 300w, https:\/\/magdalenalobisch.de\/wp-content\/uploads\/2024\/12\/XT4F9458-768x432.jpg 768w, https:\/\/magdalenalobisch.de\/wp-content\/uploads\/2024\/12\/XT4F9458-1536x864.jpg 1536w, https:\/\/magdalenalobisch.de\/wp-content\/uploads\/2024\/12\/XT4F9458-2048x1152.jpg 2048w\" sizes=\"(max-width: 800px) 100vw, 800px\" \/>\t\t\t\t\t\t\t\t\t\t\t\t\t\t\t<\/div>\n\t\t\t\t<\/div>\n\t\t\t\t<div class=\"elementor-element elementor-element-517090e elementor-widget elementor-widget-text-editor\" data-id=\"517090e\" data-element_type=\"widget\" data-e-type=\"widget\" data-widget_type=\"text-editor.default\">\n\t\t\t\t<div class=\"elementor-widget-container\">\n\t\t\t\t\t\t\t\t\t<p>jeden <strong>1.<\/strong> und <strong>3. Dienstag<\/strong> im Monat von <strong>18:-00-19:30 Uhr <\/strong><\/p>\t\t\t\t\t\t\t\t<\/div>\n\t\t\t\t<\/div>\n\t\t\t\t<div class=\"elementor-element elementor-element-224460b elementor-widget elementor-widget-text-editor\" data-id=\"224460b\" data-element_type=\"widget\" data-e-type=\"widget\" data-widget_type=\"text-editor.default\">\n\t\t\t\t<div class=\"elementor-widget-container\">\n\t\t\t\t\t\t\t\t\t<p class=\"p1\"><strong>Location: <\/strong><\/p><p class=\"p1\"><strong>Nachbarschaftshilfe Inning e.V.<\/strong><br \/>Enzenhofer Strasse 9 <br \/>82266 Inning am Ammersee<\/p>\t\t\t\t\t\t\t\t<\/div>\n\t\t\t\t<\/div>\n\t\t\t\t<div class=\"elementor-element elementor-element-906515b elementor-widget elementor-widget-google_maps\" data-id=\"906515b\" data-element_type=\"widget\" data-e-type=\"widget\" data-widget_type=\"google_maps.default\">\n\t\t\t\t<div class=\"elementor-widget-container\">\n\t\t\t\t\t\t\t<div class=\"elementor-custom-embed\">\n\t\t\t<iframe loading=\"lazy\"\n\t\t\t\t\tsrc=\"https:\/\/maps.google.com\/maps?q=Nachbarschaftshilfe%20Inning%20e.V.Enzenhofer%20Strasse%209%20inning%20am%20Ammersee&#038;t=m&#038;z=10&#038;output=embed&#038;iwloc=near\"\n\t\t\t\t\ttitle=\"Nachbarschaftshilfe Inning e.V.Enzenhofer Strasse 9 inning am Ammersee\"\n\t\t\t\t\taria-label=\"Nachbarschaftshilfe Inning e.V.Enzenhofer Strasse 9 inning am Ammersee\"\n\t\t\t><\/iframe>\n\t\t<\/div>\n\t\t\t\t\t\t<\/div>\n\t\t\t\t<\/div>\n\t\t\t\t<div class=\"elementor-element elementor-element-36b9446 elementor-widget-mobile__width-inherit elementor-hidden-desktop elementor-widget elementor-widget-text-editor\" data-id=\"36b9446\" data-element_type=\"widget\" data-e-type=\"widget\" data-widget_type=\"text-editor.default\">\n\t\t\t\t<div class=\"elementor-widget-container\">\n\t\t\t\t\t\t\t\t\t<p>Teilnahmegebu\u0308hr:<br \/><strong>\u20ac 160,- f\u00fcr alle 10 Abende<br \/><\/strong><strong>\u20ac 20,- Teilnahme je Abend bei Einzelbuchung<\/strong><\/p><div>\u00a0<\/div><div><strong>Anmeldung:<\/strong><\/div><p>Email an: <strong>coaching@magdalenalobisch.de<\/strong><\/p><p>oder \u00fcber das Kontakt Formular<\/p>\t\t\t\t\t\t\t\t<\/div>\n\t\t\t\t<\/div>\n\t\t\t\t<\/div>\n\t\t\t\t<\/div>\n\t\t\t\t<div class=\"elementor-element elementor-element-9b6d9d3 elementor-widget elementor-widget-menu-anchor\" data-id=\"9b6d9d3\" data-element_type=\"widget\" data-e-type=\"widget\" data-widget_type=\"menu-anchor.default\">\n\t\t\t\t<div class=\"elementor-widget-container\">\n\t\t\t\t\t\t\t<div class=\"elementor-menu-anchor\" id=\"Anmeldung\"><\/div>\n\t\t\t\t\t\t<\/div>\n\t\t\t\t<\/div>\n\t\t\t\t<div class=\"elementor-element elementor-element-bf01983 elementor-hidden-desktop elementor-hidden-tablet elementor-hidden-mobile elementor-button-align-stretch elementor-widget elementor-widget-form\" data-id=\"bf01983\" data-element_type=\"widget\" data-e-type=\"widget\" data-settings=\"{&quot;step_next_label&quot;:&quot;N\\u00e4chster&quot;,&quot;step_previous_label&quot;:&quot;Voriger&quot;,&quot;button_width&quot;:&quot;100&quot;,&quot;step_type&quot;:&quot;number_text&quot;,&quot;step_icon_shape&quot;:&quot;circle&quot;}\" data-widget_type=\"form.default\">\n\t\t\t\t<div class=\"elementor-widget-container\">\n\t\t\t\t\t\t\t<form class=\"elementor-form\" method=\"post\" name=\"Neues Formular\" aria-label=\"Neues Formular\">\n\t\t\t<input type=\"hidden\" name=\"post_id\" value=\"2019\"\/>\n\t\t\t<input type=\"hidden\" name=\"form_id\" value=\"bf01983\"\/>\n\t\t\t<input type=\"hidden\" name=\"referer_title\" value=\"Veranstaltung - Gespr\u00e4chskreis in Inning am Ammersee.\" \/>\n\n\t\t\t\n\t\t\t<div class=\"elementor-form-fields-wrapper elementor-labels-above\">\n\t\t\t\t\t\t\t\t<div class=\"elementor-field-type-text elementor-field-group elementor-column elementor-field-group-name elementor-col-100 elementor-field-required elementor-mark-required\">\n\t\t\t\t\t\t\t\t\t\t\t\t<label for=\"form-field-name\" class=\"elementor-field-label\">\n\t\t\t\t\t\t\t\tVorname\t\t\t\t\t\t\t<\/label>\n\t\t\t\t\t\t\t\t\t\t\t\t\t\t<input size=\"1\" type=\"text\" name=\"form_fields[name]\" id=\"form-field-name\" class=\"elementor-field elementor-size-sm  elementor-field-textual\" placeholder=\"...\" required=\"required\">\n\t\t\t\t\t\t\t\t\t\t\t<\/div>\n\t\t\t\t\t\t\t\t<div class=\"elementor-field-type-text elementor-field-group elementor-column elementor-field-group-nachname elementor-col-100 elementor-field-required elementor-mark-required\">\n\t\t\t\t\t\t\t\t\t\t\t\t<label for=\"form-field-nachname\" class=\"elementor-field-label\">\n\t\t\t\t\t\t\t\tNachname\t\t\t\t\t\t\t<\/label>\n\t\t\t\t\t\t\t\t\t\t\t\t\t\t<input size=\"1\" type=\"text\" name=\"form_fields[nachname]\" id=\"form-field-nachname\" class=\"elementor-field elementor-size-sm  elementor-field-textual\" placeholder=\"...\" required=\"required\">\n\t\t\t\t\t\t\t\t\t\t\t<\/div>\n\t\t\t\t\t\t\t\t<div class=\"elementor-field-type-email elementor-field-group elementor-column elementor-field-group-email elementor-col-100 elementor-field-required elementor-mark-required\">\n\t\t\t\t\t\t\t\t\t\t\t\t<label for=\"form-field-email\" class=\"elementor-field-label\">\n\t\t\t\t\t\t\t\tE-Mail\t\t\t\t\t\t\t<\/label>\n\t\t\t\t\t\t\t\t\t\t\t\t\t\t<input size=\"1\" type=\"email\" name=\"form_fields[email]\" id=\"form-field-email\" class=\"elementor-field elementor-size-sm  elementor-field-textual\" placeholder=\"...\" required=\"required\">\n\t\t\t\t\t\t\t\t\t\t\t<\/div>\n\t\t\t\t\t\t\t\t<div class=\"elementor-field-type-tel elementor-field-group elementor-column elementor-field-group-telefon elementor-col-100\">\n\t\t\t\t\t\t\t\t\t\t\t\t<label for=\"form-field-telefon\" class=\"elementor-field-label\">\n\t\t\t\t\t\t\t\tTelefonnummer\t\t\t\t\t\t\t<\/label>\n\t\t\t\t\t\t\t\t<input size=\"1\" type=\"tel\" name=\"form_fields[telefon]\" id=\"form-field-telefon\" class=\"elementor-field elementor-size-sm  elementor-field-textual\" placeholder=\"...\" pattern=\"[0-9()#&amp;+*-=.]+\" title=\"Only numbers and phone characters (#, -, *, etc) are accepted.\">\n\n\t\t\t\t\t\t<\/div>\n\t\t\t\t\t\t\t\t<div class=\"elementor-field-type-acceptance elementor-field-group elementor-column elementor-field-group-field_e545bed elementor-col-100 elementor-field-required elementor-mark-required\">\n\t\t\t\t\t\t\t<div class=\"elementor-field-subgroup\">\n\t\t\t<span class=\"elementor-field-option\">\n\t\t\t\t<input type=\"checkbox\" name=\"form_fields[field_e545bed]\" id=\"form-field-field_e545bed\" class=\"elementor-field elementor-size-sm  elementor-acceptance-field\" required=\"required\">\n\t\t\t\t<label for=\"form-field-field_e545bed\">ich akzeptiere die Datenschutzerkl\u00e4rung<\/label>\t\t\t<\/span>\n\t\t<\/div>\n\t\t\t\t\t\t<\/div>\n\t\t\t\t\t\t\t\t<div class=\"elementor-field-group elementor-column elementor-field-type-submit elementor-col-100 e-form__buttons\">\n\t\t\t\t\t<button class=\"elementor-button elementor-size-sm\" type=\"submit\">\n\t\t\t\t\t\t<span class=\"elementor-button-content-wrapper\">\n\t\t\t\t\t\t\t\t\t\t\t\t\t\t\t\t\t\t\t\t\t\t<span class=\"elementor-button-text\">Anmelden<\/span>\n\t\t\t\t\t\t\t\t\t\t\t\t\t<\/span>\n\t\t\t\t\t<\/button>\n\t\t\t\t<\/div>\n\t\t\t<\/div>\n\t\t<\/form>\n\t\t\t\t\t\t<\/div>\n\t\t\t\t<\/div>\n\t\t\t\t\t<\/div>\n\t\t\t\t<\/div>\n\t\t\t\t<\/div>\n\t\t","protected":false},"excerpt":{"rendered":"<p>Gespr\u00e4chskreis Inning am Ammersee Zur Anmelde Anfrage Es handelt sich um einen begleiteten Gespr\u00e4chskreis f\u00fcr Betroffene und Angeh\u00f6rige von Betroffenen von Post Covid, Post Vac und ME\/CFS. Nachbarschaftshilfe Inning e.V.Enzenhofer Strasse 9 82266 Inning am Ammersee Die Veranstaltung ist f\u00fcr die Teilnehmer kostenfrei \u00a0Anmeldung: Email an: coaching@magdalenalobisch.de oder \u00fcber das Kontakt Formular Jetzt Anmelden jeden [&hellip;]<\/p>\n","protected":false},"author":1,"featured_media":0,"parent":0,"menu_order":0,"comment_status":"closed","ping_status":"closed","template":"","meta":{"footnotes":""},"class_list":["post-2019","page","type-page","status-publish","hentry"],"yoast_head":"<!-- This site is optimized with the Yoast SEO plugin v27.4 - https:\/\/yoast.com\/product\/yoast-seo-wordpress\/ -->\n<title>Veranstaltung - Gespr\u00e4chskreis in Inning am Ammersee.<\/title>\n<meta name=\"description\" content=\"Gespr\u00e4chskreis Inning am Ammersee Zur Anmelde Anfrage Es handelt sich um einen begleiteten Gespr\u00e4chskreis f\u00fcr Betroffene und Angeh\u00f6rige von Betroffenen von Post Covid, Post Vac und ME\/CFS. Nachbarschaftshilfe Inning e.V.Enzenhofer Strasse 9 82266 Inning am AmmerseeDie Veranstaltung ist f\u00fcr die Teilnehmer kostenfrei\u00a0Anmeldung:Email an: coaching@magdalenalobisch.deoder \u00fcber das Kontakt Formular Jetzt Anmelden jeden 1. und 3. Dienstag&hellip;\" \/>\n<meta name=\"robots\" content=\"index, follow, max-snippet:-1, max-image-preview:large, max-video-preview:-1\" \/>\n<link rel=\"canonical\" href=\"\" \/>\n<meta property=\"og:locale\" content=\"en_US\" \/>\n<meta property=\"og:type\" content=\"article\" \/>\n<meta property=\"og:title\" content=\"Veranstaltung - Gespr\u00e4chskreis in Inning am Ammersee.\" \/>\n<meta property=\"og:description\" content=\"Gespr\u00e4chskreis Inning am Ammersee Zur Anmelde Anfrage Es handelt sich um einen begleiteten Gespr\u00e4chskreis f\u00fcr Betroffene und Angeh\u00f6rige von Betroffenen von Post Covid, Post Vac und ME\/CFS. Nachbarschaftshilfe Inning e.V.Enzenhofer Strasse 9 82266 Inning am AmmerseeDie Veranstaltung ist f\u00fcr die Teilnehmer kostenfrei\u00a0Anmeldung:Email an: coaching@magdalenalobisch.deoder \u00fcber das Kontakt Formular Jetzt Anmelden jeden 1. und 3. Dienstag&hellip;\" \/>\n<meta property=\"og:url\" content=\"https:\/\/magdalenalobisch.de\/en\/veranstaltung-gespraechskreis-in-inning-am-ammersee\/\" \/>\n<meta property=\"og:site_name\" content=\"MAGDALENA LOBISCH\" \/>\n<meta property=\"article:modified_time\" content=\"2025-11-18T17:35:58+00:00\" \/>\n<meta property=\"og:image\" content=\"https:\/\/magdalenalobisch.de\/wp-content\/uploads\/2024\/12\/XT4F9458-scaled.jpg\" \/>\n\t<meta property=\"og:image:width\" content=\"2560\" \/>\n\t<meta property=\"og:image:height\" content=\"1440\" \/>\n\t<meta property=\"og:image:type\" content=\"image\/jpeg\" \/>\n<meta name=\"twitter:card\" content=\"summary_large_image\" \/>\n<meta name=\"twitter:label1\" content=\"Est. reading time\" \/>\n\t<meta name=\"twitter:data1\" content=\"1 minute\" \/>\n<script type=\"application\/ld+json\" class=\"yoast-schema-graph\">{\"@context\":\"https:\\\/\\\/schema.org\",\"@graph\":[{\"@type\":\"WebPage\",\"@id\":\"https:\\\/\\\/magdalenalobisch.de\\\/en\\\/veranstaltung-gespraechskreis-in-inning-am-ammersee\\\/\",\"url\":\"https:\\\/\\\/magdalenalobisch.de\\\/en\\\/veranstaltung-gespraechskreis-in-inning-am-ammersee\\\/\",\"name\":\"Veranstaltung - Gespr\u00e4chskreis in Inning am Ammersee. - MAGDALENA LOBISCH\",\"isPartOf\":{\"@id\":\"https:\\\/\\\/magdalenalobisch.de\\\/#website\"},\"primaryImageOfPage\":{\"@id\":\"https:\\\/\\\/magdalenalobisch.de\\\/en\\\/veranstaltung-gespraechskreis-in-inning-am-ammersee\\\/#primaryimage\"},\"image\":{\"@id\":\"https:\\\/\\\/magdalenalobisch.de\\\/en\\\/veranstaltung-gespraechskreis-in-inning-am-ammersee\\\/#primaryimage\"},\"thumbnailUrl\":\"https:\\\/\\\/magdalenalobisch.de\\\/wp-content\\\/uploads\\\/2024\\\/12\\\/XT4F9458-1024x576.jpg\",\"datePublished\":\"2025-11-18T17:08:28+00:00\",\"dateModified\":\"2025-11-18T17:35:58+00:00\",\"breadcrumb\":{\"@id\":\"https:\\\/\\\/magdalenalobisch.de\\\/en\\\/veranstaltung-gespraechskreis-in-inning-am-ammersee\\\/#breadcrumb\"},\"inLanguage\":\"en-US\",\"potentialAction\":[{\"@type\":\"ReadAction\",\"target\":[\"https:\\\/\\\/magdalenalobisch.de\\\/en\\\/veranstaltung-gespraechskreis-in-inning-am-ammersee\\\/\"]}]},{\"@type\":\"ImageObject\",\"inLanguage\":\"en-US\",\"@id\":\"https:\\\/\\\/magdalenalobisch.de\\\/en\\\/veranstaltung-gespraechskreis-in-inning-am-ammersee\\\/#primaryimage\",\"url\":\"https:\\\/\\\/magdalenalobisch.de\\\/wp-content\\\/uploads\\\/2024\\\/12\\\/XT4F9458-1024x576.jpg\",\"contentUrl\":\"https:\\\/\\\/magdalenalobisch.de\\\/wp-content\\\/uploads\\\/2024\\\/12\\\/XT4F9458-1024x576.jpg\"},{\"@type\":\"BreadcrumbList\",\"@id\":\"https:\\\/\\\/magdalenalobisch.de\\\/en\\\/veranstaltung-gespraechskreis-in-inning-am-ammersee\\\/#breadcrumb\",\"itemListElement\":[{\"@type\":\"ListItem\",\"position\":1,\"name\":\"Magdalena Lobisch - Coaching\",\"item\":\"https:\\\/\\\/magdalenalobisch.de\\\/\"},{\"@type\":\"ListItem\",\"position\":2,\"name\":\"Veranstaltung - Gespr\u00e4chskreis in Inning am Ammersee.\"}]},{\"@type\":\"WebSite\",\"@id\":\"https:\\\/\\\/magdalenalobisch.de\\\/en\\\/#website\",\"url\":\"https:\\\/\\\/magdalenalobisch.de\\\/en\\\/\",\"name\":\"MAGDALENA LOBISCH\",\"description\":\"COACHING\",\"publisher\":{\"@id\":\"https:\\\/\\\/magdalenalobisch.de\\\/en\\\/#organization\"},\"potentialAction\":[{\"@type\":\"SearchAction\",\"target\":{\"@type\":\"EntryPoint\",\"urlTemplate\":\"https:\\\/\\\/magdalenalobisch.de\\\/en\\\/?s={search_term_string}\"},\"query-input\":{\"@type\":\"PropertyValueSpecification\",\"valueRequired\":true,\"valueName\":\"search_term_string\"}}],\"inLanguage\":\"en-US\"},{\"@type\":\"Organization\",\"@id\":\"https:\\\/\\\/magdalenalobisch.de\\\/en\\\/#organization\",\"name\":\"MAGDALENA LOBISCH\",\"url\":\"https:\\\/\\\/magdalenalobisch.de\\\/en\\\/\",\"logo\":{\"@type\":\"ImageObject\",\"inLanguage\":\"en-US\",\"@id\":\"https:\\\/\\\/magdalenalobisch.de\\\/en\\\/#\\\/schema\\\/logo\\\/image\\\/\",\"url\":\"https:\\\/\\\/magdalenalobisch.de\\\/wp-content\\\/uploads\\\/2024\\\/12\\\/logo_schwarz.png\",\"contentUrl\":\"https:\\\/\\\/magdalenalobisch.de\\\/wp-content\\\/uploads\\\/2024\\\/12\\\/logo_schwarz.png\",\"width\":528,\"height\":448,\"caption\":\"MAGDALENA LOBISCH\"},\"image\":{\"@id\":\"https:\\\/\\\/magdalenalobisch.de\\\/en\\\/#\\\/schema\\\/logo\\\/image\\\/\"},\"sameAs\":[\"https:\\\/\\\/www.instagram.com\\\/mlobisch\\\/\",\"https:\\\/\\\/www.linkedin.com\\\/in\\\/magdalena-lobisch-944719168\\\/\"]}]}<\/script>\n<!-- \/ Yoast SEO plugin. -->","yoast_head_json":{"title":"Veranstaltung - Gespr\u00e4chskreis in Inning am Ammersee.","description":"Gespr\u00e4chskreis Inning am Ammersee Zur Anmelde Anfrage Es handelt sich um einen begleiteten Gespr\u00e4chskreis f\u00fcr Betroffene und Angeh\u00f6rige von Betroffenen von Post Covid, Post Vac und ME\/CFS. Nachbarschaftshilfe Inning e.V.Enzenhofer Strasse 9 82266 Inning am AmmerseeDie Veranstaltung ist f\u00fcr die Teilnehmer kostenfrei\u00a0Anmeldung:Email an: coaching@magdalenalobisch.deoder \u00fcber das Kontakt Formular Jetzt Anmelden jeden 1. und 3. Dienstag&hellip;","robots":{"index":"index","follow":"follow","max-snippet":"max-snippet:-1","max-image-preview":"max-image-preview:large","max-video-preview":"max-video-preview:-1"},"canonical":"Gespr\u00e4chskreis Inning am Ammersee Zur Anmelde Anfrage Es handelt sich um einen begleiteten Gespr\u00e4chskreis f\u00fcr Betroffene und Angeh\u00f6rige von Betroffenen von Post Covid, Post Vac und ME\/CFS. Nachbarschaftshilfe Inning e.V.Enzenhofer Strasse 9 82266 Inning am AmmerseeDie Veranstaltung ist f\u00fcr die Teilnehmer kostenfrei\u00a0Anmeldung:Email an: coaching@magdalenalobisch.deoder \u00fcber das Kontakt Formular Jetzt Anmelden jeden 1. und 3. Dienstag&hellip;","og_locale":"en_US","og_type":"article","og_title":"Veranstaltung - Gespr\u00e4chskreis in Inning am Ammersee.","og_description":"Gespr\u00e4chskreis Inning am Ammersee Zur Anmelde Anfrage Es handelt sich um einen begleiteten Gespr\u00e4chskreis f\u00fcr Betroffene und Angeh\u00f6rige von Betroffenen von Post Covid, Post Vac und ME\/CFS. Nachbarschaftshilfe Inning e.V.Enzenhofer Strasse 9 82266 Inning am AmmerseeDie Veranstaltung ist f\u00fcr die Teilnehmer kostenfrei\u00a0Anmeldung:Email an: coaching@magdalenalobisch.deoder \u00fcber das Kontakt Formular Jetzt Anmelden jeden 1. und 3. Dienstag&hellip;","og_url":"https:\/\/magdalenalobisch.de\/en\/veranstaltung-gespraechskreis-in-inning-am-ammersee\/","og_site_name":"MAGDALENA LOBISCH","article_modified_time":"2025-11-18T17:35:58+00:00","og_image":[{"width":2560,"height":1440,"url":"https:\/\/magdalenalobisch.de\/wp-content\/uploads\/2024\/12\/XT4F9458-scaled.jpg","type":"image\/jpeg"}],"twitter_card":"summary_large_image","twitter_misc":{"Est. reading time":"1 minute"},"schema":{"@context":"https:\/\/schema.org","@graph":[{"@type":"WebPage","@id":"https:\/\/magdalenalobisch.de\/en\/veranstaltung-gespraechskreis-in-inning-am-ammersee\/","url":"https:\/\/magdalenalobisch.de\/en\/veranstaltung-gespraechskreis-in-inning-am-ammersee\/","name":"Veranstaltung - Gespr\u00e4chskreis in Inning am Ammersee. - MAGDALENA LOBISCH","isPartOf":{"@id":"https:\/\/magdalenalobisch.de\/#website"},"primaryImageOfPage":{"@id":"https:\/\/magdalenalobisch.de\/en\/veranstaltung-gespraechskreis-in-inning-am-ammersee\/#primaryimage"},"image":{"@id":"https:\/\/magdalenalobisch.de\/en\/veranstaltung-gespraechskreis-in-inning-am-ammersee\/#primaryimage"},"thumbnailUrl":"https:\/\/magdalenalobisch.de\/wp-content\/uploads\/2024\/12\/XT4F9458-1024x576.jpg","datePublished":"2025-11-18T17:08:28+00:00","dateModified":"2025-11-18T17:35:58+00:00","breadcrumb":{"@id":"https:\/\/magdalenalobisch.de\/en\/veranstaltung-gespraechskreis-in-inning-am-ammersee\/#breadcrumb"},"inLanguage":"en-US","potentialAction":[{"@type":"ReadAction","target":["https:\/\/magdalenalobisch.de\/en\/veranstaltung-gespraechskreis-in-inning-am-ammersee\/"]}]},{"@type":"ImageObject","inLanguage":"en-US","@id":"https:\/\/magdalenalobisch.de\/en\/veranstaltung-gespraechskreis-in-inning-am-ammersee\/#primaryimage","url":"https:\/\/magdalenalobisch.de\/wp-content\/uploads\/2024\/12\/XT4F9458-1024x576.jpg","contentUrl":"https:\/\/magdalenalobisch.de\/wp-content\/uploads\/2024\/12\/XT4F9458-1024x576.jpg"},{"@type":"BreadcrumbList","@id":"https:\/\/magdalenalobisch.de\/en\/veranstaltung-gespraechskreis-in-inning-am-ammersee\/#breadcrumb","itemListElement":[{"@type":"ListItem","position":1,"name":"Magdalena Lobisch - Coaching","item":"https:\/\/magdalenalobisch.de\/"},{"@type":"ListItem","position":2,"name":"Veranstaltung - Gespr\u00e4chskreis in Inning am Ammersee."}]},{"@type":"WebSite","@id":"https:\/\/magdalenalobisch.de\/en\/#website","url":"https:\/\/magdalenalobisch.de\/en\/","name":"MAGDALENA LOBISCH","description":"COACHING","publisher":{"@id":"https:\/\/magdalenalobisch.de\/en\/#organization"},"potentialAction":[{"@type":"SearchAction","target":{"@type":"EntryPoint","urlTemplate":"https:\/\/magdalenalobisch.de\/en\/?s={search_term_string}"},"query-input":{"@type":"PropertyValueSpecification","valueRequired":true,"valueName":"search_term_string"}}],"inLanguage":"en-US"},{"@type":"Organization","@id":"https:\/\/magdalenalobisch.de\/en\/#organization","name":"MAGDALENA LOBISCH","url":"https:\/\/magdalenalobisch.de\/en\/","logo":{"@type":"ImageObject","inLanguage":"en-US","@id":"https:\/\/magdalenalobisch.de\/en\/#\/schema\/logo\/image\/","url":"https:\/\/magdalenalobisch.de\/wp-content\/uploads\/2024\/12\/logo_schwarz.png","contentUrl":"https:\/\/magdalenalobisch.de\/wp-content\/uploads\/2024\/12\/logo_schwarz.png","width":528,"height":448,"caption":"MAGDALENA LOBISCH"},"image":{"@id":"https:\/\/magdalenalobisch.de\/en\/#\/schema\/logo\/image\/"},"sameAs":["https:\/\/www.instagram.com\/mlobisch\/","https:\/\/www.linkedin.com\/in\/magdalena-lobisch-944719168\/"]}]}},"_links":{"self":[{"href":"https:\/\/magdalenalobisch.de\/en\/wp-json\/wp\/v2\/pages\/2019","targetHints":{"allow":["GET"]}}],"collection":[{"href":"https:\/\/magdalenalobisch.de\/en\/wp-json\/wp\/v2\/pages"}],"about":[{"href":"https:\/\/magdalenalobisch.de\/en\/wp-json\/wp\/v2\/types\/page"}],"author":[{"embeddable":true,"href":"https:\/\/magdalenalobisch.de\/en\/wp-json\/wp\/v2\/users\/1"}],"replies":[{"embeddable":true,"href":"https:\/\/magdalenalobisch.de\/en\/wp-json\/wp\/v2\/comments?post=2019"}],"version-history":[{"count":17,"href":"https:\/\/magdalenalobisch.de\/en\/wp-json\/wp\/v2\/pages\/2019\/revisions"}],"predecessor-version":[{"id":2155,"href":"https:\/\/magdalenalobisch.de\/en\/wp-json\/wp\/v2\/pages\/2019\/revisions\/2155"}],"wp:attachment":[{"href":"https:\/\/magdalenalobisch.de\/en\/wp-json\/wp\/v2\/media?parent=2019"}],"curies":[{"name":"wp","href":"https:\/\/api.w.org\/{rel}","templated":true}]}}